{"id":13,"date":"2021-12-15T09:09:27","date_gmt":"2021-12-15T09:09:27","guid":{"rendered":"https:\/\/startersites.io\/blocksy\/garderobe\/?page_id=13"},"modified":"2026-02-28T09:24:15","modified_gmt":"2026-02-28T09:24:15","slug":"cont","status":"publish","type":"page","link":"https:\/\/siglosstienda.com\/index.php\/cont\/","title":{"rendered":"Contactanos"},"content":{"rendered":"\n<div class=\"wp-block-stackable-columns alignfull stk-block-columns stk-block stk-31deafe stk-block-background\" data-block-id=\"31deafe\"><style>.stk-31deafe {padding-top:150px !important;padding-bottom:270px !important;margin-bottom:0px !important;}@media screen and (max-width:999px){.stk-31deafe {padding-top:110px !important;padding-bottom:250px !important;}}<\/style><div class=\"stk-row stk-inner-blocks stk-block-content stk-content-align stk-31deafe-column\">\n<div class=\"wp-block-stackable-column stk-block-column stk-column stk-block stk-e5b129f\" data-block-id=\"e5b129f\"><style>.stk-e5b129f-container{margin-top:0px !important;margin-right:0px !important;margin-bottom:0px !important;margin-left:0px !important;}<\/style><div class=\"stk-column-wrapper stk-block-column__content stk-container stk-e5b129f-container stk--no-background stk--no-padding\"><div class=\"has-text-align-center stk-block-content stk-inner-blocks stk-e5b129f-inner-blocks\">\n\n\n\n<div class=\"wp-block-stackable-heading stk-block-heading stk-block-heading--v2 stk-block stk-e3c7835\" id=\"contactanos\" data-block-id=\"e3c7835\"><style>.stk-e3c7835 {margin-top:15px !important;}.stk-e3c7835 .stk-block-heading__text{font-size:70px !important;}@media screen and (max-width:999px){.stk-e3c7835 .stk-block-heading__text{font-size:40px !important;}}<\/style><h2 class=\"stk-block-heading__text has-text-align-center\">Contactanos<\/h2><\/div>\n<\/div><\/div><\/div>\n<\/div><\/div>\n\n\n\n<div class=\"wp-block-stackable-columns stk-block-columns stk-block stk-25acfd9\" data-block-id=\"25acfd9\"><style>.stk-25acfd9 {margin-top:-120px !important;margin-bottom:0px !important;}.stk-25acfd9-column{--stk-column-gap:50px !important;row-gap:50px !important;}<\/style><div class=\"stk-row stk-inner-blocks stk-block-content stk-content-align stk-25acfd9-column\">\n<div class=\"wp-block-stackable-column stk-block-column stk-column stk-block stk-4f39026 stk-block-background\" data-block-id=\"4f39026\"><style>.stk-4f39026-container{margin-top:0px !important;margin-right:0px !important;margin-bottom:0px !important;margin-left:0px !important;}.stk-4f39026 {background-color:var(--theme-palette-color-1, #e8363c) !important;padding-top:0px !important;padding-right:0px !important;padding-bottom:0px !important;padding-left:0px !important;overflow:visible !important;}.stk-4f39026:before{background-color:var(--theme-palette-color-1, #e8363c) !important;}.stk-4f39026 .stk-container{overflow:visible !important;}@media screen and (min-width:690px) and (max-width:999px){.stk-4f39026 {flex:var(--stk-flex-grow, 1) 1 calc(100% - var(--stk-column-gap, 0px) * 0 \/ 1 ) !important;}}@media screen and (max-width:999px){.stk-4f39026-container{max-width:400px !important;min-width:auto !important;margin-right:auto !important;margin-left:auto !important;}}<\/style><div class=\"stk-column-wrapper stk-block-column__content stk-container stk-4f39026-container stk--no-background stk--no-padding\"><div class=\"stk-block-content stk-inner-blocks stk-4f39026-inner-blocks\">\n<div class=\"wp-block-stackable-image stk-block-image stk-block stk-aab377d\" data-block-id=\"aab377d\"><style>.stk-aab377d {margin-top:-50px !important;}.stk-aab377d .stk-img-wrapper{width:90% !important;}@media screen and (max-width:999px){.stk-aab377d .stk-img-wrapper{width:100% !important;height:500px !important;}.stk-aab377d .stk-img-wrapper img{object-position:47% 1% !important;}}<\/style><figure><span class=\"stk-img-wrapper stk-image--shape-stretch\"><img loading=\"lazy\" decoding=\"async\" class=\"stk-img wp-image-701\" src=\"https:\/\/siglosstienda.com\/wp-content\/uploads\/2026\/02\/loss.png\" width=\"1024\" height=\"1024\" srcset=\"https:\/\/siglosstienda.com\/wp-content\/uploads\/2026\/02\/loss.png 1024w, https:\/\/siglosstienda.com\/wp-content\/uploads\/2026\/02\/loss-300x300.png 300w, https:\/\/siglosstienda.com\/wp-content\/uploads\/2026\/02\/loss-150x150.png 150w, https:\/\/siglosstienda.com\/wp-content\/uploads\/2026\/02\/loss-768x768.png 768w, https:\/\/siglosstienda.com\/wp-content\/uploads\/2026\/02\/loss-600x600.png 600w, https:\/\/siglosstienda.com\/wp-content\/uploads\/2026\/02\/loss-100x100.png 100w\" sizes=\"auto, (max-width: 1024px) 100vw, 1024px\" \/><\/span><\/figure><\/div>\n<\/div><\/div><\/div>\n\n\n\n<div class=\"wp-block-stackable-column stk-block-column stk-column stk-block stk-290ec13\" data-block-id=\"290ec13\"><style>.stk-290ec13-container{margin-top:0px !important;margin-right:0px !important;margin-bottom:0px !important;margin-left:0px !important;}.stk-290ec13 {align-self:flex-end !important;}@media screen and (min-width:690px) and (max-width:999px){.stk-290ec13 {flex:var(--stk-flex-grow, 1) 1 calc(100% - var(--stk-column-gap, 0px) * 0 \/ 1 ) !important;}}<\/style><div class=\"stk-column-wrapper stk-block-column__content stk-container stk-290ec13-container stk--no-background stk--no-padding\"><div class=\"stk-block-content stk-inner-blocks stk-290ec13-inner-blocks\">\n<div class=\"wp-block-stackable-heading stk-block-heading stk-block-heading--v2 stk-block stk-e0c4eb8\" id=\"estamos-aqui-para-ayudarte-escribenos-y-recibe-atencion-personalizada-en-todo-momento\" data-block-id=\"e0c4eb8\"><style>@media screen and (max-width:999px){.stk-e0c4eb8 {margin-bottom:15px !important;}.stk-e0c4eb8 .stk-block-heading__text{font-size:30px !important;}}<\/style><h5 class=\"stk-block-heading__text stk-block-heading--use-theme-margins\">Estamos aqu\u00ed para ayudarte. Escr\u00edbenos y recibe atenci\u00f3n personalizada en todo momento.<\/h5><\/div>\n<\/div><\/div><\/div>\n<\/div><\/div>\n\n\n\n<div class=\"wp-block-stackable-spacer stk-block-spacer stk--no-padding stk-block stk-1e53790\" data-block-id=\"1e53790\"><style>.stk-1e53790 {height:130px !important;}@media screen and (max-width:999px){.stk-1e53790 {height:80px !important;}}<\/style><\/div>\n\n\n\n<div class=\"wp-block-stackable-columns stk-block-columns stk-block stk-36b8564\" data-block-id=\"36b8564\"><style>.stk-36b8564 {margin-bottom:0px !important;}.stk-36b8564-column{row-gap:30px !important;}<\/style><div class=\"stk-row stk-inner-blocks stk-block-content stk-content-align stk-36b8564-column\">\n<div class=\"wp-block-stackable-column stk-block-column stk-column stk-block stk-3cf695f\" data-block-id=\"3cf695f\"><style>.stk-3cf695f-container{margin-top:0px !important;margin-right:0px !important;margin-bottom:0px !important;margin-left:0px !important;}<\/style><div class=\"stk-column-wrapper stk-block-column__content stk-container stk-3cf695f-container stk--no-background stk--no-padding\"><div class=\"stk-block-content stk-inner-blocks stk-3cf695f-inner-blocks\">\n<div class=\"wp-block-stackable-text stk-block-text stk-block stk-8677478\" data-block-id=\"8677478\"><style>.stk-8677478 {margin-bottom:10px !important;opacity:0.6 !important;}.stk-8677478 .stk-block-text__text{font-size:18px !important;font-weight:500 !important;}@media screen and (max-width:999px){.stk-8677478 .stk-block-text__text{font-size:18px !important;}}@media screen and (max-width:689px){.stk-8677478 {margin-bottom:5px !important;}}<\/style><p class=\"stk-block-text__text has-text-align-center-mobile\">Check out latest products<\/p><\/div>\n\n\n\n<section class=\"social-contact\" style=\"text-align:center; padding:20px;\">\n  <h2>Cont\u00e1ctanos<\/h2>\n  \n  <!-- WhatsApp -->\n  <a href=\"https:\/\/wa.me\/5354335006\" target=\"_blank\" style=\"margin:0 10px; font-size:24px; color:#25D366; text-decoration:none;\">\n    \ud83d\udcf1 WhatsApp\n  <\/a>\n  \n  <!-- Telegram -->\n  <a href=\"https:\/\/t.me\/5354335006\" target=\"_blank\" style=\"margin:0 10px; font-size:24px; color:#0088cc; text-decoration:none;\">\n    \u2708\ufe0f Telegram\n  <\/a>\n  \n  <!-- Facebook -->\n  <a href=\"https:\/\/www.facebook.com\/yoeldry.castillo\" target=\"_blank\" style=\"margin:0 10px; font-size:24px; color:#3b5998; text-decoration:none;\">\n    \ud83d\udcd8 Facebook\n  <\/a>\n  \n  <!-- Instagram -->\n  <a href=\"https:\/\/www.instagram.com\/\" target=\"_blank\" style=\"margin:0 10px; font-size:24px; color:#E1306C; text-decoration:none;\">\n    \ud83d\udcf7 Instagram\n  <\/a>\n  \n  <p style=\"margin-top:15px; font-size:18px; color:#111;\">\n    \ud83d\udcde Tel\u00e9fono: +53 54335006\n  <\/p>\n<\/section>\n<\/div><\/div><\/div>\n<\/div><\/div>\n\n\n\n<div class=\"wp-block-stackable-spacer stk-block-spacer stk--no-padding stk-block stk-a7f8d9a\" data-block-id=\"a7f8d9a\"><style>.stk-a7f8d9a {height:130px !important;}@media screen and (max-width:999px){.stk-a7f8d9a {height:100px !important;}}<\/style><\/div>\n","protected":false},"excerpt":{"rendered":"<p>Contactanos Estamos aqu\u00ed para ayudarte. Escr\u00edbenos y recibe atenci\u00f3n personalizada en todo momento. Check out latest products Cont\u00e1ctanos \ud83d\udcf1 WhatsApp \u2708\ufe0f Telegram \ud83d\udcd8 Facebook \ud83d\udcf7 Instagram \ud83d\udcde Tel\u00e9fono: +53 54335006<\/p>\n","protected":false},"author":1,"featured_media":0,"parent":0,"menu_order":0,"comment_status":"closed","ping_status":"closed","template":"","meta":{"_themeisle_gutenberg_block_has_review":false,"footnotes":""},"class_list":["post-13","page","type-page","status-publish","hentry"],"blocksy_meta":{"styles_descriptor":{"styles":{"desktop":"","tablet":"","mobile":""},"google_fonts":[],"version":6},"page_title_panel":"","has_hero_section":"disabled","b5a8e8ecd73a2d1bdc083724b92bf358":"","hero_section":"type-1","hero_elements":[{"id":"custom_title","enabled":true,"heading_tag":"h1","title":"Home"},{"id":"custom_description","enabled":true,"description_visibility":{"desktop":true,"tablet":true,"mobile":false}},{"id":"custom_meta","enabled":false,"meta_elements":[{"id":"author","enabled":true,"label":"By","has_author_avatar":"yes","avatar_size":25},{"id":"post_date","enabled":true,"label":"On","date_format_source":"default","date_format":"M j, Y"},{"id":"updated_date","enabled":false,"label":"On","date_format_source":"default","date_format":"M j, Y"},{"id":"categories","enabled":false,"label":"In","style":"simple"},{"id":"comments","enabled":true}],"page_meta_elements":{"joined":true,"articles_count":true,"comments":true}},{"id":"breadcrumbs","enabled":false}],"7e154d28cd3433ebd2b52a65fa352287":"","hero_alignment1":"CT_CSS_SKIP_RULE","hero_margin":40,"hero_alignment2":"center","hero_vertical_alignment":"center","b06089ceb60e1c2358df3dd815344e31":"","hero_structure":"narrow","cd26de91d35cb1540fae797090dcc365":"","page_title_bg_type":"featured_image","custom_hero_background":{"attachment_id":null},"parallax":{"desktop":false,"tablet":false,"mobile":false},"7fd8ccdb4238d868f5d9c97d4ace46bf":"","hero_height":"250px","pageTitleFont":{"family":"Default","variation":"Default","size":"30px","line-height":"CT_CSS_SKIP_RULE","letter-spacing":"CT_CSS_SKIP_RULE","text-transform":"CT_CSS_SKIP_RULE","text-decoration":"CT_CSS_SKIP_RULE"},"pageTitleFontColor":{"default":{"color":"CT_CSS_SKIP_RULEDEFAULT"}},"pageMetaFont":{"family":"Default","variation":"n6","size":"12px","line-height":"1.3","letter-spacing":"CT_CSS_SKIP_RULE","text-transform":"uppercase","text-decoration":"CT_CSS_SKIP_RULE"},"pageMetaFontColor":{"default":{"color":"CT_CSS_SKIP_RULEDEFAULT"},"hover":{"color":"CT_CSS_SKIP_RULEDEFAULT"}},"page_meta_button_type_font_colors":{"default":{"color":"CT_CSS_SKIP_RULEDEFAULT"},"hover":{"color":"CT_CSS_SKIP_RULEDEFAULT"}},"page_meta_button_type_background_colors":{"default":{"color":"CT_CSS_SKIP_RULEDEFAULT"},"hover":{"color":"CT_CSS_SKIP_RULEDEFAULT"}},"pageExcerptFont":{"family":"Default","variation":"Default","size":"CT_CSS_SKIP_RULE","line-height":"CT_CSS_SKIP_RULE","letter-spacing":"CT_CSS_SKIP_RULE","text-transform":"CT_CSS_SKIP_RULE","text-decoration":"CT_CSS_SKIP_RULE"},"pageExcerptColor":{"default":{"color":"CT_CSS_SKIP_RULEDEFAULT"}},"breadcrumbsFont":{"family":"Default","variation":"Default","size":"CT_CSS_SKIP_RULE","line-height":"CT_CSS_SKIP_RULE","letter-spacing":"CT_CSS_SKIP_RULE","text-transform":"CT_CSS_SKIP_RULE","text-decoration":"CT_CSS_SKIP_RULE"},"breadcrumbsFontColor":{"default":{"color":"CT_CSS_SKIP_RULEDEFAULT"},"initial":{"color":"CT_CSS_SKIP_RULEDEFAULT"},"hover":{"color":"CT_CSS_SKIP_RULEDEFAULT"}},"pageTitleOverlay":{"background_type":"color","background_pattern":"type-1","background_image":{"attachment_id":null,"x":0,"y":0},"gradient":"linear-gradient(135deg,rgba(6,147,227,1) 0%,rgb(155,81,224) 100%)","background_repeat":"repeat","background_size":"auto","background_attachment":"scroll","patternColor":{"default":{"color":"#e5e7ea"}},"overlayColor":{"default":{"color":"CT_CSS_SKIP_RULE"}},"backgroundColor":{"default":{"color":"CT_CSS_SKIP_RULE"}}},"pageTitleBackground":{"background_type":"color","background_pattern":"type-1","background_image":{"attachment_id":null,"x":0,"y":0},"gradient":"linear-gradient(135deg,rgba(6,147,227,1) 0%,rgb(155,81,224) 100%)","background_repeat":"repeat","background_size":"auto","background_attachment":"scroll","patternColor":{"default":{"color":"#e5e7ea"}},"overlayColor":{"default":{"color":"CT_CSS_SKIP_RULE"}},"backgroundColor":{"default":{"color":"var(--theme-palette-color-6)"}}},"pageTitlePadding":{"top":"50px","bottom":"50px","left":"auto","right":"auto","linked":true},"525648c3a0104dc66d7938914252da9e":"","page_structure_type":"default","4f39fcfae578e432fc1b7e5a804f4dc0":"","content_style_source":"inherit","content_style":"wide","vertical_spacing_source":"custom","content_area_spacing":"none","background":{"background_type":"color","background_pattern":"type-1","background_image":{"attachment_id":null,"x":0,"y":0},"gradient":"linear-gradient(135deg,rgba(6,147,227,1) 0%,rgb(155,81,224) 100%)","background_repeat":"repeat","background_size":"auto","background_attachment":"scroll","patternColor":{"default":{"color":"#e5e7ea"}},"overlayColor":{"default":{"color":"CT_CSS_SKIP_RULE"}},"backgroundColor":{"default":{"color":"CT_CSS_SKIP_RULE"}}},"content_background":{"background_type":"color","background_pattern":"type-1","background_image":{"attachment_id":null,"x":0,"y":0},"gradient":"linear-gradient(135deg,rgba(6,147,227,1) 0%,rgb(155,81,224) 100%)","background_repeat":"repeat","background_size":"auto","background_attachment":"scroll","patternColor":{"default":{"color":"#e5e7ea"}},"overlayColor":{"default":{"color":"CT_CSS_SKIP_RULE"}},"backgroundColor":{"default":{"color":"var(--theme-palette-color-8)"}}},"content_boxed_shadow":{"inherit":false,"blur":18,"spread":-6,"v_offset":12,"h_offset":0,"inset":false,"enable":true,"color":{"color":"rgba(34, 56, 101, 0.04)"}},"boxed_content_spacing":{"desktop":{"top":"40px","bottom":"40px","left":"40px","right":"40px","linked":true},"tablet":{"top":"35px","bottom":"35px","left":"35px","right":"35px","linked":true},"mobile":{"top":"20px","bottom":"20px","left":"20px","right":"20px","linked":true}},"content_boxed_radius":{"top":"3px","bottom":"3px","left":"3px","right":"3px","linked":true},"2487fe51df1335eec2ccb15a676f5fb3":"","disable_featured_image":"no","disable_share_box":"no","disable_header":"no","disable_footer":"no"},"_links":{"self":[{"href":"https:\/\/siglosstienda.com\/index.php\/wp-json\/wp\/v2\/pages\/13","targetHints":{"allow":["GET"]}}],"collection":[{"href":"https:\/\/siglosstienda.com\/index.php\/wp-json\/wp\/v2\/pages"}],"about":[{"href":"https:\/\/siglosstienda.com\/index.php\/wp-json\/wp\/v2\/types\/page"}],"author":[{"embeddable":true,"href":"https:\/\/siglosstienda.com\/index.php\/wp-json\/wp\/v2\/users\/1"}],"replies":[{"embeddable":true,"href":"https:\/\/siglosstienda.com\/index.php\/wp-json\/wp\/v2\/comments?post=13"}],"version-history":[{"count":3,"href":"https:\/\/siglosstienda.com\/index.php\/wp-json\/wp\/v2\/pages\/13\/revisions"}],"predecessor-version":[{"id":713,"href":"https:\/\/siglosstienda.com\/index.php\/wp-json\/wp\/v2\/pages\/13\/revisions\/713"}],"wp:attachment":[{"href":"https:\/\/siglosstienda.com\/index.php\/wp-json\/wp\/v2\/media?parent=13"}],"curies":[{"name":"wp","href":"https:\/\/api.w.org\/{rel}","templated":true}]}}