{"id":1075,"date":"2026-03-16T03:57:45","date_gmt":"2026-03-16T03:57:45","guid":{"rendered":"https:\/\/siglosstienda.com\/?post_type=product&#038;p=1075"},"modified":"2026-03-16T03:57:45","modified_gmt":"2026-03-16T03:57:45","slug":"zapatilla-fisher-price","status":"publish","type":"product","link":"https:\/\/siglosstienda.com\/index.php\/product\/zapatilla-fisher-price\/","title":{"rendered":"ZAPATILLA FISHER PRICE"},"content":{"rendered":"<p>Zapatilla infantil Fisher-Price con combinaci\u00f3n de colores vivos \ud83c\udf08: paneles en azul \ud83d\udc99 y blanco \ud83e\udd0d, cordones cl\u00e1sicos \ud83d\udd17 y estrellas decorativas en rosa \ud83c\udf38\u2728 y plateado \u26aa\u2b50. Suela c\u00f3moda \ud83d\udc63 y caja original Fisher-Price \ud83d\udce6, ideal para acompa\u00f1ar a los m\u00e1s peque\u00f1os en su d\u00eda a d\u00eda \ud83e\uddd2\ud83d\udc5f<\/p>\n","protected":false},"excerpt":{"rendered":"<p>Zapatilla Fisher-Price multicolor \ud83c\udf08 con detalles en azul \ud83d\udc99, blanco \ud83e\udd0d y estrellas brillantes \u2728\u2b50.<\/p>\n","protected":false},"featured_media":1082,"comment_status":"open","ping_status":"closed","template":"","meta":{"_themeisle_gutenberg_block_has_review":false},"product_brand":[],"product_cat":[39],"product_tag":[],"class_list":{"0":"post-1075","1":"product","2":"type-product","3":"status-publish","4":"has-post-thumbnail","6":"product_cat-ninos-y-ninas","8":"first","9":"instock","10":"taxable","11":"shipping-taxable","12":"purchasable","13":"product-type-variable"},"_links":{"self":[{"href":"https:\/\/siglosstienda.com\/index.php\/wp-json\/wp\/v2\/product\/1075","targetHints":{"allow":["GET"]}}],"collection":[{"href":"https:\/\/siglosstienda.com\/index.php\/wp-json\/wp\/v2\/product"}],"about":[{"href":"https:\/\/siglosstienda.com\/index.php\/wp-json\/wp\/v2\/types\/product"}],"replies":[{"embeddable":true,"href":"https:\/\/siglosstienda.com\/index.php\/wp-json\/wp\/v2\/comments?post=1075"}],"wp:featuredmedia":[{"embeddable":true,"href":"https:\/\/siglosstienda.com\/index.php\/wp-json\/wp\/v2\/media\/1082"}],"wp:attachment":[{"href":"https:\/\/siglosstienda.com\/index.php\/wp-json\/wp\/v2\/media?parent=1075"}],"wp:term":[{"taxonomy":"product_brand","embeddable":true,"href":"https:\/\/siglosstienda.com\/index.php\/wp-json\/wp\/v2\/product_brand?post=1075"},{"taxonomy":"product_cat","embeddable":true,"href":"https:\/\/siglosstienda.com\/index.php\/wp-json\/wp\/v2\/product_cat?post=1075"},{"taxonomy":"product_tag","embeddable":true,"href":"https:\/\/siglosstienda.com\/index.php\/wp-json\/wp\/v2\/product_tag?post=1075"}],"curies":[{"name":"wp","href":"https:\/\/api.w.org\/{rel}","templated":true}]}}