{"id":1119,"date":"2026-03-18T04:32:34","date_gmt":"2026-03-18T04:32:34","guid":{"rendered":"https:\/\/siglosstienda.com\/?post_type=product&#038;p=1119"},"modified":"2026-03-18T04:32:35","modified_gmt":"2026-03-18T04:32:35","slug":"nina-rouge-de-nina-ricci","status":"publish","type":"product","link":"https:\/\/siglosstienda.com\/index.php\/product\/nina-rouge-de-nina-ricci\/","title":{"rendered":"Nina Rouge de Nina Ricci"},"content":{"rendered":"<p>Fragancia femenina Nina Rouge de Nina Ricci \ud83c\udf4e\ud83d\udcab. Presentada en un frasco en forma de manzana de intenso color rojo con detalles blancos \ud83c\udf80, acompa\u00f1ada de elegante caja con dise\u00f1o moderno. Un aroma dulce y vibrante que refleja frescura, pasi\u00f3n y encanto \ud83c\udf39\u2728.<\/p>\n","protected":false},"excerpt":{"rendered":"<p>Perfume Nina Rouge de Nina Ricci \u2764\ufe0f\u2728<\/p>\n","protected":false},"featured_media":1114,"comment_status":"open","ping_status":"closed","template":"","meta":{"_themeisle_gutenberg_block_has_review":false},"product_brand":[],"product_cat":[30],"product_tag":[],"class_list":{"0":"post-1119","1":"product","2":"type-product","3":"status-publish","4":"has-post-thumbnail","6":"product_cat-perfume","8":"first","9":"instock","10":"taxable","11":"shipping-taxable","12":"purchasable","13":"product-type-simple"},"_links":{"self":[{"href":"https:\/\/siglosstienda.com\/index.php\/wp-json\/wp\/v2\/product\/1119","targetHints":{"allow":["GET"]}}],"collection":[{"href":"https:\/\/siglosstienda.com\/index.php\/wp-json\/wp\/v2\/product"}],"about":[{"href":"https:\/\/siglosstienda.com\/index.php\/wp-json\/wp\/v2\/types\/product"}],"replies":[{"embeddable":true,"href":"https:\/\/siglosstienda.com\/index.php\/wp-json\/wp\/v2\/comments?post=1119"}],"wp:featuredmedia":[{"embeddable":true,"href":"https:\/\/siglosstienda.com\/index.php\/wp-json\/wp\/v2\/media\/1114"}],"wp:attachment":[{"href":"https:\/\/siglosstienda.com\/index.php\/wp-json\/wp\/v2\/media?parent=1119"}],"wp:term":[{"taxonomy":"product_brand","embeddable":true,"href":"https:\/\/siglosstienda.com\/index.php\/wp-json\/wp\/v2\/product_brand?post=1119"},{"taxonomy":"product_cat","embeddable":true,"href":"https:\/\/siglosstienda.com\/index.php\/wp-json\/wp\/v2\/product_cat?post=1119"},{"taxonomy":"product_tag","embeddable":true,"href":"https:\/\/siglosstienda.com\/index.php\/wp-json\/wp\/v2\/product_tag?post=1119"}],"curies":[{"name":"wp","href":"https:\/\/api.w.org\/{rel}","templated":true}]}}