{"id":611,"date":"2026-02-28T03:38:51","date_gmt":"2026-02-28T03:38:51","guid":{"rendered":"https:\/\/siglosstienda.com\/?post_type=product&#038;p=611"},"modified":"2026-03-02T05:46:18","modified_gmt":"2026-03-02T05:46:18","slug":"611","status":"publish","type":"product","link":"https:\/\/siglosstienda.com\/index.php\/product\/611\/","title":{"rendered":"BOMBILLO DE CARRETERA H7"},"content":{"rendered":"<p><em><strong>Juego de bombillas automotrices dise\u00f1adas para ofrecer iluminaci\u00f3n confiable y segura en carretera. Con una potencia de 55W y voltaje de 12V, proporcionan una luz clara y estable que mejora la visibilidad nocturna y en condiciones adversas. Su vida \u00fatil de hasta 400 horas garantiza un rendimiento prolongado, mientras que su fabricaci\u00f3n bajo est\u00e1ndares japoneses asegura calidad y durabilidad. Compatibles con una amplia gama de veh\u00edculos, son una opci\u00f3n pr\u00e1ctica y eficiente para reemplazo de faros delanteros.<br \/>\n\ud83d\udccc Descripci\u00f3n corta (para cat\u00e1logo comercial\/atractivo)<br \/>\nBombillas H7 Japan Power \u2013 Luz clara y duradera para mayor seguridad en carretera. \ud83d\udca1\ud83d\ude97<br \/>\n\u00bfQuieres que prepare tambi\u00e9n una versi\u00f3n m\u00e1s emocional y llamativa para redes sociales, o prefieres mantenerlas en estilo serio y t\u00e9cnico para cat\u00e1logo profesional?<\/strong><\/em><\/p>\n","protected":false},"excerpt":{"rendered":"<p><em><strong> Luz clara y duradera para mayor seguridad en carretera. \ud83d\udca1\ud83d\ude97<br \/>\n\u00bfQuieres que prepare tambi\u00e9n una versi\u00f3n m\u00e1s emocional y llamativa para redes sociales, o prefieres mantenerlas en estilo serio y t\u00e9cnico para cat\u00e1logo profesional?<\/strong><\/em><\/p>\n","protected":false},"featured_media":612,"comment_status":"closed","ping_status":"closed","template":"","meta":{"_themeisle_gutenberg_block_has_review":false},"product_brand":[],"product_cat":[27,28],"product_tag":[],"class_list":{"0":"post-611","1":"product","2":"type-product","3":"status-publish","4":"has-post-thumbnail","6":"product_cat-autos","7":"product_cat-moto","9":"first","10":"instock","11":"taxable","12":"shipping-taxable","13":"purchasable","14":"product-type-simple"},"_links":{"self":[{"href":"https:\/\/siglosstienda.com\/index.php\/wp-json\/wp\/v2\/product\/611","targetHints":{"allow":["GET"]}}],"collection":[{"href":"https:\/\/siglosstienda.com\/index.php\/wp-json\/wp\/v2\/product"}],"about":[{"href":"https:\/\/siglosstienda.com\/index.php\/wp-json\/wp\/v2\/types\/product"}],"replies":[{"embeddable":true,"href":"https:\/\/siglosstienda.com\/index.php\/wp-json\/wp\/v2\/comments?post=611"}],"wp:featuredmedia":[{"embeddable":true,"href":"https:\/\/siglosstienda.com\/index.php\/wp-json\/wp\/v2\/media\/612"}],"wp:attachment":[{"href":"https:\/\/siglosstienda.com\/index.php\/wp-json\/wp\/v2\/media?parent=611"}],"wp:term":[{"taxonomy":"product_brand","embeddable":true,"href":"https:\/\/siglosstienda.com\/index.php\/wp-json\/wp\/v2\/product_brand?post=611"},{"taxonomy":"product_cat","embeddable":true,"href":"https:\/\/siglosstienda.com\/index.php\/wp-json\/wp\/v2\/product_cat?post=611"},{"taxonomy":"product_tag","embeddable":true,"href":"https:\/\/siglosstienda.com\/index.php\/wp-json\/wp\/v2\/product_tag?post=611"}],"curies":[{"name":"wp","href":"https:\/\/api.w.org\/{rel}","templated":true}]}}