{"id":880,"date":"2026-03-14T03:48:23","date_gmt":"2026-03-14T03:48:23","guid":{"rendered":"https:\/\/siglosstienda.com\/?post_type=product&#038;p=880"},"modified":"2026-03-14T03:48:23","modified_gmt":"2026-03-14T03:48:23","slug":"zapatilla-penguin","status":"publish","type":"product","link":"https:\/\/siglosstienda.com\/index.php\/product\/zapatilla-penguin\/","title":{"rendered":"ZAPATILLA PENGUIN"},"content":{"rendered":"<p>\ud83d\udc5f\ud83d\udc27 Estos elegantes tenis Penguin en negro \ud83d\udda4 con detalle rojo \ud83c\udf4e y suela blanca \ud83e\udd0d ofrecen estilo y confort en cada paso \ud83d\udeb6. Perfectos para un look casual \ud83e\udde2 y sofisticado \ud83c\udf1f, combinan dise\u00f1o moderno con la ic\u00f3nica marca del ping\u00fcino. <\/p>\n","protected":false},"excerpt":{"rendered":"<p>\ud83d\udc5f\ud83d\udc27 Estilo y confort en cada paso. Tenis Penguin negro, \ud83c\udf4e detalle rojo y suela blanca \ud83e\udd0d. Ideal para un look casual y elegante. \ud83d\udc4c<\/p>\n","protected":false},"featured_media":884,"comment_status":"open","ping_status":"closed","template":"","meta":{"_themeisle_gutenberg_block_has_review":false},"product_brand":[],"product_cat":[33,34],"product_tag":[],"class_list":{"0":"post-880","1":"product","2":"type-product","3":"status-publish","4":"has-post-thumbnail","6":"product_cat-hombre","7":"product_cat-mujer","9":"first","10":"instock","11":"taxable","12":"shipping-taxable","13":"purchasable","14":"product-type-variable"},"_links":{"self":[{"href":"https:\/\/siglosstienda.com\/index.php\/wp-json\/wp\/v2\/product\/880","targetHints":{"allow":["GET"]}}],"collection":[{"href":"https:\/\/siglosstienda.com\/index.php\/wp-json\/wp\/v2\/product"}],"about":[{"href":"https:\/\/siglosstienda.com\/index.php\/wp-json\/wp\/v2\/types\/product"}],"replies":[{"embeddable":true,"href":"https:\/\/siglosstienda.com\/index.php\/wp-json\/wp\/v2\/comments?post=880"}],"wp:featuredmedia":[{"embeddable":true,"href":"https:\/\/siglosstienda.com\/index.php\/wp-json\/wp\/v2\/media\/884"}],"wp:attachment":[{"href":"https:\/\/siglosstienda.com\/index.php\/wp-json\/wp\/v2\/media?parent=880"}],"wp:term":[{"taxonomy":"product_brand","embeddable":true,"href":"https:\/\/siglosstienda.com\/index.php\/wp-json\/wp\/v2\/product_brand?post=880"},{"taxonomy":"product_cat","embeddable":true,"href":"https:\/\/siglosstienda.com\/index.php\/wp-json\/wp\/v2\/product_cat?post=880"},{"taxonomy":"product_tag","embeddable":true,"href":"https:\/\/siglosstienda.com\/index.php\/wp-json\/wp\/v2\/product_tag?post=880"}],"curies":[{"name":"wp","href":"https:\/\/api.w.org\/{rel}","templated":true}]}}